{"id":625,"date":"2017-03-09T18:46:37","date_gmt":"2017-03-09T18:46:37","guid":{"rendered":"http:\/\/tfdemo.ithemeslab.com\/wp\/builder\/?page_id=115"},"modified":"2025-01-03T20:29:10","modified_gmt":"2025-01-03T20:29:10","slug":"projects","status":"publish","type":"page","link":"https:\/\/www.amass.sk\/index.php\/projects\/","title":{"rendered":"Realizovan\u00e9 projekty"},"content":{"rendered":"<div class=\"wpb-content-wrapper\"><p>[vc_row el_class=&#8220;padtop80&#8243;][vc_column]<div class=\"section-title \"><div class=\"\"><h3 class=\"section-title-text\">Realizovan\u00e9 <span>projekty<\/span><\/h3><\/div><\/div>[\/vc_column][\/vc_row][vc_row full_width=&#8220;stretch_row_content_no_spaces&#8220;][vc_column]<div class=\"container\"><div class=\"row\"><div class=\"col-xs-12\"><div class=\"project-nav\"><ul><li class=\"active\" data-filter=\"*\">V\u0161etky<\/li><li data-filter=\".angels-arena\">Angels ar\u00e9na<\/li><li data-filter=\".atrium-flora-praha\">Atrium flora - Praha<\/li><li data-filter=\".cyklochodnik-trebisov\">Cyklochodn\u00edk -Trebi\u0161ov<\/li><li data-filter=\".nocke\">NOCKE<\/li><li data-filter=\".od-tesco-kosice\">OD Tesco - Ko\u0161ice<\/li><li data-filter=\".strba-strbske-pleso\">\u0160trba - \u0160trbsk\u00e9 pleso<\/li><li data-filter=\".uss-carmeus\">USS - Carmeus<\/li><li data-filter=\".uss-studena-valcovna\">USS - Studena valcov\u0148a<\/li><li data-filter=\".velky-saris\">Ve\u013ek\u00fd \u0160ari\u0161<\/li><\/ul><\/div><\/div><\/div><\/div><div class=\"project-addon\"><div class=\"project-item col-3  velky-saris\"><img decoding=\"async\" src=\"https:\/\/www.amass.sk\/wp-content\/uploads\/2017\/03\/velky-saris-1-600x400.png\" alt=\"Are\u00e1lov\u00fd rozvod plynu\"><div class=\"project-overley\"><div class=\"content\"><h3><a href=\"https:\/\/www.amass.sk\/index.php\/project\/handyman-2-3\/\">Are\u00e1lov\u00fd rozvod plynu<\/a><\/h3><div class=\"project-tags\"><span>Ve\u013ek\u00fd \u0160ari\u0161<\/span><\/div><\/div><\/div><\/div><div class=\"project-item col-3  strba-strbske-pleso\"><img decoding=\"async\" src=\"https:\/\/www.amass.sk\/wp-content\/uploads\/2017\/03\/strbske-preso-600x400.png\" alt=\"Rekon\u0161trukcia ozubnicovej trate\"><div class=\"project-overley\"><div class=\"content\"><h3><a href=\"https:\/\/www.amass.sk\/index.php\/project\/handyman-2-2\/\">Rekon\u0161trukcia ozubnicovej trate<\/a><\/h3><div class=\"project-tags\"><span>\u0160trba - \u0160trbsk\u00e9 pleso<\/span><\/div><\/div><\/div><\/div><div class=\"project-item col-3  od-tesco-kosice\"><img decoding=\"async\" src=\"https:\/\/www.amass.sk\/wp-content\/uploads\/2017\/03\/tesco-600x400.png\" alt=\"Prestavba obchodn\u00e9ho domu TESCO\"><div class=\"project-overley\"><div class=\"content\"><h3><a href=\"https:\/\/www.amass.sk\/index.php\/project\/tesco-hlavna-ulica-kosice\/\">Prestavba obchodn\u00e9ho domu TESCO<\/a><\/h3><div class=\"project-tags\"><span>OD Tesco - Ko\u0161ice<\/span><\/div><\/div><\/div><\/div><div class=\"project-item col-3  atrium-flora-praha\"><img decoding=\"async\" src=\"https:\/\/www.amass.sk\/wp-content\/uploads\/2017\/03\/praha-2-600x400.png\" alt=\"Da\u017e\u010fov\u00e1 kanaliz\u00e1cia Atrium Flora\"><div class=\"project-overley\"><div class=\"content\"><h3><a href=\"https:\/\/www.amass.sk\/index.php\/project\/builder-2-3\/\">Da\u017e\u010fov\u00e1 kanaliz\u00e1cia Atrium Flora<\/a><\/h3><div class=\"project-tags\"><span>Atrium flora - Praha<\/span><\/div><\/div><\/div><\/div><div class=\"project-item col-3  angels-arena\"><img decoding=\"async\" src=\"https:\/\/www.amass.sk\/wp-content\/uploads\/2017\/03\/angels-2-600x400.png\" alt=\"Moderniz\u00e1cia a rekon\u0161trukcia \u0161portovej haly\"><div class=\"project-overley\"><div class=\"content\"><h3><a href=\"https:\/\/www.amass.sk\/index.php\/project\/builder-2-2\/\">Moderniz\u00e1cia a rekon\u0161trukcia \u0161portovej haly<\/a><\/h3><div class=\"project-tags\"><span>Angels ar\u00e9na<\/span><\/div><\/div><\/div><\/div><div class=\"project-item col-3  uss-carmeus\"><img decoding=\"async\" src=\"https:\/\/www.amass.sk\/wp-content\/uploads\/2017\/03\/carmeuse-600x400.png\" alt=\"V\u00fdkopov\u00e9 a b\u00faracie pr\u00e1ce Carmeus\"><div class=\"project-overley\"><div class=\"content\"><h3><a href=\"https:\/\/www.amass.sk\/index.php\/project\/builder-2\/\">V\u00fdkopov\u00e9 a b\u00faracie pr\u00e1ce Carmeus<\/a><\/h3><div class=\"project-tags\"><span>USS - Carmeus<\/span><\/div><\/div><\/div><\/div><div class=\"project-item col-3  cyklochodnik-trebisov\"><img decoding=\"async\" src=\"https:\/\/www.amass.sk\/wp-content\/uploads\/2017\/03\/trebisov-600x400.png\" alt=\"V\u00fdkopov\u00e9 a zemn\u00e9 pr\u00e1ce Cyklochodn\u00edk\"><div class=\"project-overley\"><div class=\"content\"><h3><a href=\"https:\/\/www.amass.sk\/index.php\/project\/cleaner-3\/\">V\u00fdkopov\u00e9 a zemn\u00e9 pr\u00e1ce Cyklochodn\u00edk<\/a><\/h3><div class=\"project-tags\"><span>Cyklochodn\u00edk -Trebi\u0161ov<\/span><\/div><\/div><\/div><\/div><div class=\"project-item col-3  uss-studena-valcovna\"><img decoding=\"async\" src=\"https:\/\/www.amass.sk\/wp-content\/uploads\/2017\/03\/us-steel-600x400.png\" alt=\"B\u00faracie a beton\u00e1rske pr\u00e1ce &#8211; Dr\u00e1ha voz\u00edka\"><div class=\"project-overley\"><div class=\"content\"><h3><a href=\"https:\/\/www.amass.sk\/index.php\/project\/cleaner-2\/\">B\u00faracie a beton\u00e1rske pr\u00e1ce &#8211; Dr\u00e1ha voz\u00edka<\/a><\/h3><div class=\"project-tags\"><span>USS - Studena valcov\u0148a<\/span><\/div><\/div><\/div><\/div><div class=\"project-item col-3  nocke\"><img decoding=\"async\" src=\"https:\/\/www.amass.sk\/wp-content\/uploads\/2017\/03\/plavaren-600x400.png\" alt=\"V\u00fdstavba N\u00e1rodn\u00e9ho olympijsk\u00e9ho centra plaveck\u00fdch \u0161portov Ko\u0161ice\"><div class=\"project-overley\"><div class=\"content\"><h3><a href=\"https:\/\/www.amass.sk\/index.php\/project\/vystavba-narodneho-olympijskeho-centra-plaveckych-sportov-kosice\/\">V\u00fdstavba N\u00e1rodn\u00e9ho olympijsk\u00e9ho centra plaveck\u00fdch \u0161portov Ko\u0161ice<\/a><\/h3><div class=\"project-tags\"><span>NOCKE<\/span><\/div><\/div><\/div><\/div><\/div>[\/vc_column][\/vc_row][vc_row][vc_column][vc_empty_space][\/vc_column][\/vc_row]<\/p>\n<\/div>","protected":false},"excerpt":{"rendered":"<p>[vc_row el_class=&#8220;padtop80&#8243;][vc_column][\/vc_column][\/vc_row][vc_row full_width=&#8220;stretch_row_content_no_spaces&#8220;][vc_column][\/vc_column][\/vc_row][vc_row][vc_column][vc_empty_space][\/vc_column][\/vc_row]<\/p>\n","protected":false},"author":1,"featured_media":0,"parent":0,"menu_order":0,"comment_status":"closed","ping_status":"closed","template":"fullwidthpage-template.php","meta":{"_monsterinsights_skip_tracking":false,"_monsterinsights_sitenote_active":false,"_monsterinsights_sitenote_note":"","_monsterinsights_sitenote_category":0,"footnotes":""},"class_list":["post-625","page","type-page","status-publish","hentry"],"_links":{"self":[{"href":"https:\/\/www.amass.sk\/index.php\/wp-json\/wp\/v2\/pages\/625","targetHints":{"allow":["GET"]}}],"collection":[{"href":"https:\/\/www.amass.sk\/index.php\/wp-json\/wp\/v2\/pages"}],"about":[{"href":"https:\/\/www.amass.sk\/index.php\/wp-json\/wp\/v2\/types\/page"}],"author":[{"embeddable":true,"href":"https:\/\/www.amass.sk\/index.php\/wp-json\/wp\/v2\/users\/1"}],"replies":[{"embeddable":true,"href":"https:\/\/www.amass.sk\/index.php\/wp-json\/wp\/v2\/comments?post=625"}],"version-history":[{"count":10,"href":"https:\/\/www.amass.sk\/index.php\/wp-json\/wp\/v2\/pages\/625\/revisions"}],"predecessor-version":[{"id":1005,"href":"https:\/\/www.amass.sk\/index.php\/wp-json\/wp\/v2\/pages\/625\/revisions\/1005"}],"wp:attachment":[{"href":"https:\/\/www.amass.sk\/index.php\/wp-json\/wp\/v2\/media?parent=625"}],"curies":[{"name":"wp","href":"https:\/\/api.w.org\/{rel}","templated":true}]}}