{"id":22,"date":"2017-03-09T08:19:47","date_gmt":"2017-03-09T08:19:47","guid":{"rendered":"http:\/\/tfdemo.ithemeslab.com\/wp\/builder\/?page_id=22"},"modified":"2025-01-03T20:30:34","modified_gmt":"2025-01-03T20:30:34","slug":"builder-home","status":"publish","type":"page","link":"https:\/\/www.amass.sk\/","title":{"rendered":"Builder"},"content":{"rendered":"<div class=\"wpb-content-wrapper\"><p>[vc_row][vc_column][rev_slider_vc alias=&#8220;builder-slideshow1&#8243;][\/vc_column][\/vc_row][vc_row el_class=&#8220;pad80&#8243;][vc_column]<div class=\"section-title \"><div class=\"text-center\"><h3 class=\"section-title-text\">NA\u0160E <span>SLU\u017dBY<\/span><\/h3><\/div><\/div><div class=\"row\"><div class=\"col-md-4 col-sm-4 col-xs-12 xs-mb-30\"><div class=\"service-grid-box\"><div class=\"service-img-box\"><img decoding=\"async\" src=\"https:\/\/www.amass.sk\/wp-content\/uploads\/2017\/03\/beton-400x257.png\" class=\"img-responsive\" alt=\"Stavbn\u00e9 a beton\u00e1rske pr\u00e1ce\"><div class=\"overley\"><a href=\"https:\/\/www.amass.sk\/index.php\/service\/we-build-parking-lot\/\"><i class=\"fas fa-arrow-right\"><\/i><\/a><\/div><\/div><div class=\"service-contect-box\"><h3><a href=\"https:\/\/www.amass.sk\/index.php\/service\/we-build-parking-lot\/\">Stavbn\u00e9 a beton\u00e1rske pr\u00e1ce<\/a><\/h3><p>Beton\u00e1rske pr\u00e1ce s\u00fa k\u013e\u00fa\u010dov\u00fdm prvkom ka\u017edej stavebnej realiz\u00e1cie, kde je potrebn\u00e1 odolnos\u0165, stabilita a dlhovekos\u0165. Firma AMASS.SK sa \u0161pecializuje na prec\u00edznu realiz\u00e1ciu beton\u00e1rskych pr\u00e1c pre \u0161irok\u00e9 spektrum ...<\/p><a href=\"https:\/\/www.amass.sk\/index.php\/service\/we-build-parking-lot\/\" class=\"btn btn-service hvr-sweep-to-right\">Viac<\/a><\/div><\/div><\/div><div class=\"col-md-4 col-sm-4 col-xs-12 xs-mb-30\"><div class=\"service-grid-box\"><div class=\"service-img-box\"><img decoding=\"async\" src=\"https:\/\/www.amass.sk\/wp-content\/uploads\/2017\/03\/buranie-400x257.png\" class=\"img-responsive\" alt=\"B\u00faracie pr\u00e1ce\"><div class=\"overley\"><a href=\"https:\/\/www.amass.sk\/index.php\/service\/we-build-parking-lot-2\/\"><i class=\"fas fa-arrow-right\"><\/i><\/a><\/div><\/div><div class=\"service-contect-box\"><h3><a href=\"https:\/\/www.amass.sk\/index.php\/service\/we-build-parking-lot-2\/\">B\u00faracie pr\u00e1ce<\/a><\/h3><p>B\u00faracie pr\u00e1ce predstavuj\u00fa z\u00e1kladn\u00fd krok pri revitaliz\u00e1cii priestorov a pr\u00edprave stavebn\u00fdch projektov. V AMASS.SK poskytujeme profesion\u00e1lne a bezpe\u010dn\u00e9 rie\u0161enia pre demol\u00e1cie r\u00f4znych typov objektov. Na\u0161a technol\u00f3gia, odborn\u00e9 ...<\/p><a href=\"https:\/\/www.amass.sk\/index.php\/service\/we-build-parking-lot-2\/\" class=\"btn btn-service hvr-sweep-to-right\">Viac<\/a><\/div><\/div><\/div><div class=\"col-md-4 col-sm-4 col-xs-12 xs-mb-30\"><div class=\"service-grid-box\"><div class=\"service-img-box\"><img decoding=\"async\" src=\"https:\/\/www.amass.sk\/wp-content\/uploads\/2017\/03\/vykopovo-1-400x257.png\" class=\"img-responsive\" alt=\"V\u00fdkopov\u00e9 pr\u00e1ce\"><div class=\"overley\"><a href=\"https:\/\/www.amass.sk\/index.php\/service\/we-build-parking-lot-3\/\"><i class=\"fas fa-arrow-right\"><\/i><\/a><\/div><\/div><div class=\"service-contect-box\"><h3><a href=\"https:\/\/www.amass.sk\/index.php\/service\/we-build-parking-lot-3\/\">V\u00fdkopov\u00e9 pr\u00e1ce<\/a><\/h3><p>V\u00fdkopov\u00e9 pr\u00e1ce predstavuj\u00fa z\u00e1klad ka\u017ed\u00e9ho \u00faspe\u0161n\u00e9ho stavebn\u00e9ho projektu. V AMASS.SK sa \u0161pecializujeme na poskytovanie prec\u00edznych a spo\u013ahliv\u00fdch rie\u0161en\u00ed pre r\u00f4zne typy stavieb, od rodinn\u00fdch domov po ve\u013ek\u00e9 ...<\/p><a href=\"https:\/\/www.amass.sk\/index.php\/service\/we-build-parking-lot-3\/\" class=\"btn btn-service hvr-sweep-to-right\">Viac<\/a><\/div><\/div><\/div><\/div>[\/vc_column][\/vc_row][vc_row full_width=&#8220;stretch_row&#8220; el_class=&#8220;parallax pad80&#8243; css=&#8220;.vc_custom_1735840772911{background-image: url(https:\/\/www.amass.sk\/wp-content\/uploads\/2025\/01\/amass01.png?id=923) !important;background-position: center !important;background-repeat: no-repeat !important;background-size: cover !important;}&#8220;][vc_column css=&#8220;.vc_custom_1735840101356{padding-top: 40px !important;}&#8220;][vc_column_text css=&#8220;&#8220; el_class=&#8220;c2a-heading white-text content-no-margin&#8220;]<\/p>\n<h3 style=\"text-align: center;\">B\u00farame star\u00e9, budujeme nov\u00e9<br \/>\ns d\u00f4razom na kvalitu a projektov\u00e9 term\u00edny.<\/h3>\n<p>[\/vc_column_text][\/vc_column][\/vc_row][vc_row el_class=&#8220;pad80&#8243;][vc_column]<div class=\"section-title \"><div class=\"text-center\"><h3 class=\"section-title-text\">PRE\u010cO <span>AMASS<\/span><\/h3><\/div><\/div>[vc_row_inner css=&#8220;.vc_custom_1489083194784{padding-top: 0px !important;}&#8220;][vc_column_inner width=&#8220;1\/3&#8243;]<div class=\"feature-box \"><div class=\"text-center\"><div class=\"featurebox-icon\"><i class=\"flaticon flaticon-hammer26\"><\/i><\/div><h3 class=\"featurebox-title-text\">Odbornos\u0165<\/h3><p>Sk\u00fasen\u00fd t\u00edm a modern\u00e9 technol\u00f3gie zaru\u010duj\u00fa najvy\u0161\u0161iu kvalitu pr\u00e1c<\/p><\/div><\/div>[\/vc_column_inner][vc_column_inner width=&#8220;1\/3&#8243;]<div class=\"feature-box \"><div class=\"text-center\"><div class=\"featurebox-icon\"><i class=\"flaticon flaticon-house112\"><\/i><\/div><h3 class=\"featurebox-title-text\">Spo\u013eahlivos\u0165<\/h3><p>D\u00f4sledn\u00e9 dodr\u017eiavanie harmonogramov a projektov\u00fdch po\u017eiadaviek<\/p><\/div><\/div>[\/vc_column_inner][vc_column_inner width=&#8220;1\/3&#8243;]<div class=\"feature-box \"><div class=\"text-center\"><div class=\"featurebox-icon\"><i class=\"flaticon flaticon-truck29\"><\/i><\/div><h3 class=\"featurebox-title-text\">Komplexn\u00e9 rie\u0161enia<\/h3><p>Modern\u00e1 technika a efekt\u00edvna logistika n\u00e1m umo\u017e\u0148uj\u00fa splni\u0165 va\u0161e stavebn\u00e9 po\u017eiadavky r\u00fdchlo a spo\u013eahlivo<\/p><\/div><\/div>[\/vc_column_inner][\/vc_row_inner][\/vc_column][\/vc_row][vc_row full_width=&#8220;stretch_row&#8220; el_class=&#8220;parallax pad80&#8243; css=&#8220;.vc_custom_1735850641501{background-image: url(https:\/\/www.amass.sk\/wp-content\/uploads\/2025\/01\/amass-paralax-4.jpg?id=997) !important;background-position: center !important;background-repeat: no-repeat !important;background-size: cover !important;}&#8220;][vc_column css=&#8220;.vc_custom_1735840101356{padding-top: 40px !important;}&#8220;][\/vc_column][\/vc_row][vc_row][vc_column]<div class=\"container\"><div class=\"row\"><div class=\"col-xs-12\"><div class=\"project-nav\"><ul><li class=\"active\" data-filter=\"*\">PROJEKTY<\/li><li data-filter=\".angels-arena\">Angels ar\u00e9na<\/li><li data-filter=\".atrium-flora-praha\">Atrium flora - Praha<\/li><li data-filter=\".cyklochodnik-trebisov\">Cyklochodn\u00edk -Trebi\u0161ov<\/li><li data-filter=\".nocke\">NOCKE<\/li><li data-filter=\".od-tesco-kosice\">OD Tesco - Ko\u0161ice<\/li><li data-filter=\".strba-strbske-pleso\">\u0160trba - \u0160trbsk\u00e9 pleso<\/li><li data-filter=\".uss-carmeus\">USS - Carmeus<\/li><li data-filter=\".uss-studena-valcovna\">USS - Studena valcov\u0148a<\/li><li data-filter=\".velky-saris\">Ve\u013ek\u00fd \u0160ari\u0161<\/li><\/ul><\/div><\/div><\/div><\/div><div class=\"project-addon\"><div class=\"project-item col-3  velky-saris\"><img decoding=\"async\" src=\"https:\/\/www.amass.sk\/wp-content\/uploads\/2017\/03\/velky-saris-1-600x400.png\" alt=\"Are\u00e1lov\u00fd rozvod plynu\"><div class=\"project-overley\"><div class=\"content\"><h3><a href=\"https:\/\/www.amass.sk\/index.php\/project\/handyman-2-3\/\">Are\u00e1lov\u00fd rozvod plynu<\/a><\/h3><div class=\"project-tags\"><span>Ve\u013ek\u00fd \u0160ari\u0161<\/span><\/div><\/div><\/div><\/div><div class=\"project-item col-3  strba-strbske-pleso\"><img decoding=\"async\" src=\"https:\/\/www.amass.sk\/wp-content\/uploads\/2017\/03\/strbske-preso-600x400.png\" alt=\"Rekon\u0161trukcia ozubnicovej trate\"><div class=\"project-overley\"><div class=\"content\"><h3><a href=\"https:\/\/www.amass.sk\/index.php\/project\/handyman-2-2\/\">Rekon\u0161trukcia ozubnicovej trate<\/a><\/h3><div class=\"project-tags\"><span>\u0160trba - \u0160trbsk\u00e9 pleso<\/span><\/div><\/div><\/div><\/div><div class=\"project-item col-3  od-tesco-kosice\"><img decoding=\"async\" src=\"https:\/\/www.amass.sk\/wp-content\/uploads\/2017\/03\/tesco-600x400.png\" alt=\"Prestavba obchodn\u00e9ho domu TESCO\"><div class=\"project-overley\"><div class=\"content\"><h3><a href=\"https:\/\/www.amass.sk\/index.php\/project\/tesco-hlavna-ulica-kosice\/\">Prestavba obchodn\u00e9ho domu TESCO<\/a><\/h3><div class=\"project-tags\"><span>OD Tesco - Ko\u0161ice<\/span><\/div><\/div><\/div><\/div><div class=\"project-item col-3  atrium-flora-praha\"><img decoding=\"async\" src=\"https:\/\/www.amass.sk\/wp-content\/uploads\/2017\/03\/praha-2-600x400.png\" alt=\"Da\u017e\u010fov\u00e1 kanaliz\u00e1cia Atrium Flora\"><div class=\"project-overley\"><div class=\"content\"><h3><a href=\"https:\/\/www.amass.sk\/index.php\/project\/builder-2-3\/\">Da\u017e\u010fov\u00e1 kanaliz\u00e1cia Atrium Flora<\/a><\/h3><div class=\"project-tags\"><span>Atrium flora - Praha<\/span><\/div><\/div><\/div><\/div><div class=\"project-item col-3  angels-arena\"><img decoding=\"async\" src=\"https:\/\/www.amass.sk\/wp-content\/uploads\/2017\/03\/angels-2-600x400.png\" alt=\"Moderniz\u00e1cia a rekon\u0161trukcia \u0161portovej haly\"><div class=\"project-overley\"><div class=\"content\"><h3><a href=\"https:\/\/www.amass.sk\/index.php\/project\/builder-2-2\/\">Moderniz\u00e1cia a rekon\u0161trukcia \u0161portovej haly<\/a><\/h3><div class=\"project-tags\"><span>Angels ar\u00e9na<\/span><\/div><\/div><\/div><\/div><div class=\"project-item col-3  uss-carmeus\"><img decoding=\"async\" src=\"https:\/\/www.amass.sk\/wp-content\/uploads\/2017\/03\/carmeuse-600x400.png\" alt=\"V\u00fdkopov\u00e9 a b\u00faracie pr\u00e1ce Carmeus\"><div class=\"project-overley\"><div class=\"content\"><h3><a href=\"https:\/\/www.amass.sk\/index.php\/project\/builder-2\/\">V\u00fdkopov\u00e9 a b\u00faracie pr\u00e1ce Carmeus<\/a><\/h3><div class=\"project-tags\"><span>USS - Carmeus<\/span><\/div><\/div><\/div><\/div><div class=\"project-item col-3  cyklochodnik-trebisov\"><img decoding=\"async\" src=\"https:\/\/www.amass.sk\/wp-content\/uploads\/2017\/03\/trebisov-600x400.png\" alt=\"V\u00fdkopov\u00e9 a zemn\u00e9 pr\u00e1ce Cyklochodn\u00edk\"><div class=\"project-overley\"><div class=\"content\"><h3><a href=\"https:\/\/www.amass.sk\/index.php\/project\/cleaner-3\/\">V\u00fdkopov\u00e9 a zemn\u00e9 pr\u00e1ce Cyklochodn\u00edk<\/a><\/h3><div class=\"project-tags\"><span>Cyklochodn\u00edk -Trebi\u0161ov<\/span><\/div><\/div><\/div><\/div><div class=\"project-item col-3  uss-studena-valcovna\"><img decoding=\"async\" src=\"https:\/\/www.amass.sk\/wp-content\/uploads\/2017\/03\/us-steel-600x400.png\" alt=\"B\u00faracie a beton\u00e1rske pr\u00e1ce &#8211; Dr\u00e1ha voz\u00edka\"><div class=\"project-overley\"><div class=\"content\"><h3><a href=\"https:\/\/www.amass.sk\/index.php\/project\/cleaner-2\/\">B\u00faracie a beton\u00e1rske pr\u00e1ce &#8211; Dr\u00e1ha voz\u00edka<\/a><\/h3><div class=\"project-tags\"><span>USS - Studena valcov\u0148a<\/span><\/div><\/div><\/div><\/div><div class=\"project-item col-3  nocke\"><img decoding=\"async\" src=\"https:\/\/www.amass.sk\/wp-content\/uploads\/2017\/03\/plavaren-600x400.png\" alt=\"V\u00fdstavba N\u00e1rodn\u00e9ho olympijsk\u00e9ho centra plaveck\u00fdch \u0161portov Ko\u0161ice\"><div class=\"project-overley\"><div class=\"content\"><h3><a href=\"https:\/\/www.amass.sk\/index.php\/project\/vystavba-narodneho-olympijskeho-centra-plaveckych-sportov-kosice\/\">V\u00fdstavba N\u00e1rodn\u00e9ho olympijsk\u00e9ho centra plaveck\u00fdch \u0161portov Ko\u0161ice<\/a><\/h3><div class=\"project-tags\"><span>NOCKE<\/span><\/div><\/div><\/div><\/div><\/div>[\/vc_column][\/vc_row][vc_row][vc_column][vc_empty_space][\/vc_column][\/vc_row]<\/p>\n<\/div>","protected":false},"excerpt":{"rendered":"<p>[vc_row][vc_column][rev_slider_vc alias=&#8220;builder-slideshow1&#8243;][\/vc_column][\/vc_row][vc_row el_class=&#8220;pad80&#8243;][vc_column][\/vc_column][\/vc_row][vc_row full_width=&#8220;stretch_row&#8220; el_class=&#8220;parallax pad80&#8243; css=&#8220;.vc_custom_1735840772911{background-image: url(https:\/\/www.amass.sk\/wp-content\/uploads\/2025\/01\/amass01.png?id=923) !important;background-position: center !important;background-repeat: no-repeat !important;background-size: cover !important;}&#8220;][vc_column css=&#8220;.vc_custom_1735840101356{padding-top: 40px !important;}&#8220;][vc_column_text css=&#8220;&#8220; el_class=&#8220;c2a-heading white-text content-no-margin&#8220;] B\u00farame star\u00e9, budujeme nov\u00e9 s d\u00f4razom na kvalitu a projektov\u00e9 term\u00edny. [\/vc_column_text][\/vc_column][\/vc_row][vc_row el_class=&#8220;pad80&#8243;][vc_column][vc_row_inner css=&#8220;.vc_custom_1489083194784{padding-top: 0px !important;}&#8220;][vc_column_inner width=&#8220;1\/3&#8243;][\/vc_column_inner][vc_column_inner width=&#8220;1\/3&#8243;][\/vc_column_inner][vc_column_inner width=&#8220;1\/3&#8243;][\/vc_column_inner][\/vc_row_inner][\/vc_column][\/vc_row][vc_row full_width=&#8220;stretch_row&#8220; el_class=&#8220;parallax pad80&#8243; css=&#8220;.vc_custom_1735850641501{background-image: url(https:\/\/www.amass.sk\/wp-content\/uploads\/2025\/01\/amass-paralax-4.jpg?id=997) !important;background-position: center !important;background-repeat: no-repeat !important;background-size: cover !important;}&#8220;][vc_column css=&#8220;.vc_custom_1735840101356{padding-top: 40px &#8230;<\/p>\n","protected":false},"author":1,"featured_media":0,"parent":0,"menu_order":0,"comment_status":"closed","ping_status":"closed","template":"homepage-template.php","meta":{"_monsterinsights_skip_tracking":false,"_monsterinsights_sitenote_active":false,"_monsterinsights_sitenote_note":"","_monsterinsights_sitenote_category":0,"footnotes":""},"class_list":["post-22","page","type-page","status-publish","hentry"],"_links":{"self":[{"href":"https:\/\/www.amass.sk\/index.php\/wp-json\/wp\/v2\/pages\/22","targetHints":{"allow":["GET"]}}],"collection":[{"href":"https:\/\/www.amass.sk\/index.php\/wp-json\/wp\/v2\/pages"}],"about":[{"href":"https:\/\/www.amass.sk\/index.php\/wp-json\/wp\/v2\/types\/page"}],"author":[{"embeddable":true,"href":"https:\/\/www.amass.sk\/index.php\/wp-json\/wp\/v2\/users\/1"}],"replies":[{"embeddable":true,"href":"https:\/\/www.amass.sk\/index.php\/wp-json\/wp\/v2\/comments?post=22"}],"version-history":[{"count":55,"href":"https:\/\/www.amass.sk\/index.php\/wp-json\/wp\/v2\/pages\/22\/revisions"}],"predecessor-version":[{"id":1006,"href":"https:\/\/www.amass.sk\/index.php\/wp-json\/wp\/v2\/pages\/22\/revisions\/1006"}],"wp:attachment":[{"href":"https:\/\/www.amass.sk\/index.php\/wp-json\/wp\/v2\/media?parent=22"}],"curies":[{"name":"wp","href":"https:\/\/api.w.org\/{rel}","templated":true}]}}